{"id":19652,"date":"2025-05-23T20:42:50","date_gmt":"2025-05-23T18:42:50","guid":{"rendered":"https:\/\/ipuscua.itsasmuseoa.eus\/ipuscua-ecran\/"},"modified":"2025-06-17T12:20:26","modified_gmt":"2025-06-17T10:20:26","slug":"ipuscua-ecran","status":"publish","type":"page","link":"https:\/\/ipuscua.itsasmuseoa.eus\/fr\/","title":{"rendered":"Ipuscua \u00c9cran"},"content":{"rendered":"\n\n\t\t\t<button tabindex=\"0\" aria-label=\"Menu\" aria-expanded=\"false\">\n\t\t\t\t\t\t\t<\/button>\n\t<nav aria-label=\"Menu\" itemscope=\"itemscope\" itemtype=\"https:\/\/schema.org\/SiteNavigationElement\">\n\t\t<ul id=\"menu-menu-mapa-pantalla-fr\"><li id=\"menu-item-19686\"><a href=\"#\">Men\u00fa oculto<\/a><\/li><li id=\"menu-item-wpml-ls-868-es\"><a title=\"Passer \u00e0 \" href=\"https:\/\/ipuscua.itsasmuseoa.eus\/fr\/\"><img decoding=\"async\" src=\"https:\/\/ipuscua.itsasmuseoa.eus\/wp-content\/uploads\/flags\/icono-espana.svg\"\n            alt=\"ES\"\n            width=50\n    \/><\/a><\/li><li id=\"menu-item-wpml-ls-868-eu\"><a title=\"Passer \u00e0 \" href=\"https:\/\/ipuscua.itsasmuseoa.eus\/eu\/\"><img decoding=\"async\" src=\"https:\/\/ipuscua.itsasmuseoa.eus\/wp-content\/uploads\/flags\/icono-ikurrina.svg\"\n            alt=\"EU\"\n            width=50\n    \/><\/a><\/li><li id=\"menu-item-wpml-ls-868-fr\"><a title=\"Passer \u00e0 \" href=\"https:\/\/ipuscua.itsasmuseoa.eus\/fr\/\"><img decoding=\"async\" src=\"https:\/\/ipuscua.itsasmuseoa.eus\/wp-content\/uploads\/flags\/icono-francia.svg\"\n            alt=\"FR\"\n            width=50\n    \/><\/a><\/li><li id=\"menu-item-wpml-ls-868-en\"><a title=\"Passer \u00e0 \" href=\"https:\/\/ipuscua.itsasmuseoa.eus\/en\/\"><img decoding=\"async\" src=\"https:\/\/ipuscua.itsasmuseoa.eus\/wp-content\/uploads\/flags\/icono-inglaterra.svg\"\n            alt=\"EN\"\n            width=50\n    \/><\/a><\/li><\/ul>\t<\/nav>\n\t\t\t<video src=\"\/wp-content\/uploads\/video\/ipuscua.mp4\" controls=\"\"><\/video>\n\t\t\t\t\tPlay Video\n\t\t<h2>\n\t\t\tIPUSCUA 1025-2025\n\t\t\t\t\t\t\t\t\t\t\tUn voyage mill\u00e9naire le long de la c\u00f4te\n\t\t<\/h2>\n\t\t\t<p>En 2025, on comm\u00e9more mille ans de la premi\u00e8re mention documentaire de la terre d&rsquo;Ipuscua, qui est \u00e0 I&rsquo;origine de l&rsquo;actuel territoire du Gipuzkoa. \u00c0 ce titre, Le Mus\u00e9e Maritime Basque propose un itin\u00e9raire tout au long de la c\u00f4te de Gipuzkoa pour visiter les lieux mentionn\u00e9s dans la documentation de l&rsquo;\u00e9poque et d\u00e9couvrir les \u00e9l\u00e9ments qui ont surv\u00e9cu jusqu&rsquo;\u00e0 aujourd&rsquo;hui. Le visiteur pourra constater que les activit\u00e9s maritimes \u00e9taient fondamentales pour l&rsquo;\u00e9conomie et la politique du territoire.  <\/p>\t\t\n\t<audio controls=\"controls\"><source data-src=\"https:\/\/ipuscua.itsasmuseoa.eus\/wp-content\/uploads\/2025\/05\/Intro-Castellano.mp3\" type=\"audio\/mpeg\"\/><br \/>\nVotre navigateur ne prend pas en charge l&rsquo;audio.<\/audio>\n\t\t\t<a href=\"https:\/\/ipuscua.itsasmuseoa.eus\/fr\/ipuscua-carte-ecran\/\" target=\"_self\">\n\t\t\t\t\t\tVoir la carte interactive\n\t\t\t\t\t<\/a>\n\n","protected":false},"excerpt":{"rendered":"<p>Men\u00fa oculto Play Video IPUSCUA 1025-2025 Un voyage mill\u00e9naire le long de la c\u00f4te En 2025, on comm\u00e9more mille ans de la premi\u00e8re mention documentaire de la terre d&rsquo;Ipuscua, qui est \u00e0 I&rsquo;origine de l&rsquo;actuel territoire du Gipuzkoa. \u00c0 ce titre, Le Mus\u00e9e Maritime Basque propose un itin\u00e9raire tout au long de la c\u00f4te de&hellip;<\/p>\n","protected":false},"author":1,"featured_media":0,"parent":0,"menu_order":0,"comment_status":"closed","ping_status":"closed","template":"tpl-no-header-footer.php","meta":{"footnotes":""},"class_list":["post-19652","page","type-page","status-publish","hentry"],"_links":{"self":[{"href":"https:\/\/ipuscua.itsasmuseoa.eus\/fr\/wp-json\/wp\/v2\/pages\/19652","targetHints":{"allow":["GET"]}}],"collection":[{"href":"https:\/\/ipuscua.itsasmuseoa.eus\/fr\/wp-json\/wp\/v2\/pages"}],"about":[{"href":"https:\/\/ipuscua.itsasmuseoa.eus\/fr\/wp-json\/wp\/v2\/types\/page"}],"author":[{"embeddable":true,"href":"https:\/\/ipuscua.itsasmuseoa.eus\/fr\/wp-json\/wp\/v2\/users\/1"}],"replies":[{"embeddable":true,"href":"https:\/\/ipuscua.itsasmuseoa.eus\/fr\/wp-json\/wp\/v2\/comments?post=19652"}],"version-history":[{"count":2,"href":"https:\/\/ipuscua.itsasmuseoa.eus\/fr\/wp-json\/wp\/v2\/pages\/19652\/revisions"}],"predecessor-version":[{"id":20803,"href":"https:\/\/ipuscua.itsasmuseoa.eus\/fr\/wp-json\/wp\/v2\/pages\/19652\/revisions\/20803"}],"wp:attachment":[{"href":"https:\/\/ipuscua.itsasmuseoa.eus\/fr\/wp-json\/wp\/v2\/media?parent=19652"}],"curies":[{"name":"wp","href":"https:\/\/api.w.org\/{rel}","templated":true}]}}